{"id":426,"date":"2025-02-12T12:22:23","date_gmt":"2025-02-12T11:22:23","guid":{"rendered":"https:\/\/wolffkran.no\/?page_id=426"},"modified":"2025-02-12T12:33:19","modified_gmt":"2025-02-12T11:33:19","slug":"wolffkran-norge-as-blir-et-heleid-datterselskap-av-wolffkran-holding-ag","status":"publish","type":"page","link":"https:\/\/wolffkran.no\/en\/wolffkran-norge-as-blir-et-heleid-datterselskap-av-wolffkran-holding-ag\/","title":{"rendered":"WOLFFKRAN Norge AS blir et heleid datterselskap av WOLFFKRAN Holding AG"},"content":{"rendered":"<div id=\"fws_69f2213128e89\"  data-column-margin=\"default\" data-midnight=\"light\" data-top-percent=\"14%\" data-bottom-percent=\"6%\"  class=\"wpb_row vc_row-fluid vc_row full-width-content vc_row-o-equal-height vc_row-flex vc_row-o-content-top parallax_section right_padding_10pct left_padding_10pct top_padding_tablet_25pct\"  style=\"padding-top: calc(100vw * 0.14); padding-bottom: calc(100vw * 0.06); \"><div class=\"row-bg-wrap\" data-bg-animation=\"zoom-out-slow\" data-bg-overlay=\"true\"><div class=\"inner-wrap using-image\"><div class=\"row-bg viewport-desktop using-image using-bg-color\" data-parallax-speed=\"fast\" style=\"background-image: url(https:\/\/wolffkran.no\/wp-content\/uploads\/2025\/02\/GRE-TC02-and-TC01-1-scaled.jpg); background-position: center top; background-repeat: no-repeat; background-color: #566678; \"><\/div><\/div><div class=\"row-bg-overlay\" style=\"background: rgba(10,10,10,0.4); background: linear-gradient(to bottom,rgba(10,10,10,0.4) 0%,#0a0a0a 100%);  opacity: 0.3; \"><\/div><\/div><div class=\"row_col_wrap_12 col span_12 light left\">\n\t<div  class=\"vc_col-sm-12 wpb_column column_container vc_column_container col centered-text no-extra-padding el_spacing_0px inherit_tablet inherit_phone\"  data-padding-pos=\"all\" data-has-bg-color=\"false\" data-bg-color=\"\" data-bg-opacity=\"1\" data-animation=\"\" data-delay=\"0\" >\n\t\t<div class=\"vc_column-inner\" >\n\t\t\t<div class=\"wpb_wrapper\">\n\t\t\t\t<div id=\"fws_69f22131299f9\" data-midnight=\"\" data-column-margin=\"none\" class=\"wpb_row vc_row-fluid vc_row inner_row\"  style=\" z-index: 100;\"><div class=\"row-bg-wrap\"> <div class=\"row-bg\" ><\/div> <\/div><div class=\"row_col_wrap_12_inner col span_12  left\">\n\t<div  class=\"vc_col-sm-12 wpb_column column_container vc_column_container col child_column no-extra-padding inherit_tablet inherit_phone\"   data-padding-pos=\"all\" data-has-bg-color=\"false\" data-bg-color=\"\" data-bg-opacity=\"1\" data-animation=\"\" data-delay=\"0\" >\n\t\t<div class=\"vc_column-inner\" >\n\t\t<div class=\"wpb_wrapper\">\n\t\t\t\n\t\t<\/div> \n\t<\/div>\n\t<\/div> \n<\/div><\/div><div id=\"fws_69f221312a013\" data-midnight=\"\" data-column-margin=\"default\" class=\"wpb_row vc_row-fluid vc_row inner_row  right_padding_25pct left_padding_25pct\"  style=\"padding-top: 1%; padding-bottom: 1%; \"><div class=\"row-bg-wrap\"> <div class=\"row-bg\" ><\/div> <\/div><div class=\"row_col_wrap_12_inner col span_12  left\">\n\t<div  class=\"vc_col-sm-12 wpb_column column_container vc_column_container col child_column has-animation no-extra-padding inherit_tablet inherit_phone\"   data-padding-pos=\"all\" data-has-bg-color=\"false\" data-bg-color=\"\" data-bg-opacity=\"1\" data-animation=\"fade-in-from-bottom\" data-delay=\"300\" >\n\t\t<div class=\"vc_column-inner\" >\n\t\t<div class=\"wpb_wrapper\">\n\t\t\t\n\t\t<\/div> \n\t<\/div>\n\t<\/div> \n<\/div><\/div>\n\t\t\t<\/div> \n\t\t<\/div>\n\t<\/div> \n<\/div><\/div>\r\n\t\t<div id=\"fws_69f221312a207\"  data-column-margin=\"default\" data-midnight=\"dark\" data-top-percent=\"2%\"  class=\"wpb_row vc_row-fluid vc_row\"  style=\"padding-top: calc(100vw * 0.02); padding-bottom: 0px; \"><div class=\"row-bg-wrap\" data-bg-animation=\"none\" data-bg-overlay=\"false\"><div class=\"inner-wrap\"><div class=\"row-bg viewport-desktop\"  style=\"\"><\/div><\/div><\/div><div class=\"row_col_wrap_12 col span_12 dark left\">\n\t<div  class=\"vc_col-sm-2 wpb_column column_container vc_column_container col no-extra-padding inherit_tablet inherit_phone\"  data-padding-pos=\"all\" data-has-bg-color=\"false\" data-bg-color=\"\" data-bg-opacity=\"1\" data-animation=\"\" data-delay=\"0\" >\n\t\t<div class=\"vc_column-inner\" >\n\t\t\t<div class=\"wpb_wrapper\">\n\t\t\t\t\n\t\t\t<\/div> \n\t\t<\/div>\n\t<\/div> \n\n\t<div  class=\"vc_col-sm-8 wpb_column column_container vc_column_container col padding-3-percent inherit_tablet inherit_phone\"  data-shadow=\"small_depth\" data-padding-pos=\"all\" data-has-bg-color=\"false\" data-bg-color=\"\" data-bg-opacity=\"1\" data-animation=\"\" data-delay=\"0\" >\n\t\t<div class=\"vc_column-inner\" ><div class=\"column-bg-overlay-wrap\" data-bg-animation=\"none\"><div class=\"column-bg-overlay\"><\/div><\/div>\n\t\t\t<div class=\"wpb_wrapper\">\n\t\t\t\t\r\n<div class=\"wpb_text_column wpb_content_element\" >\r\n\t<div class=\"wpb_wrapper\">\r\n\t\t<h4>WOLFFKRAN Norge AS blir et heleid datterselskap av WOLFFKRAN Holding AG<\/h4>\n<p>WOLFFKRAN Holding AG har fullf\u00f8rt oppkj\u00f8pet av WOLFFKRAN Norge AS.<br \/>\nJoint Venture-avtalen mellom Mikkelsen AS og WOLFFKRAN Holding AG, som ble inng\u00e5tt ved slutten av 2021, ble oppl\u00f8st i juni 2024. Som et resultat er WOLFFKRAN Norge AS n\u00e5 fullt ut integrert i WOLFFKRAN Holding AG og opererer som et 100% datterselskap.<\/p>\n<p>Etter en vellykket startfase fortsetter WOLFFKRAN Norge som et rendyrket selskap under ledelse av Frank Kvam.<\/p>\n<p>&#8211; Som et heleid datterselskap av WOLFFKRAN Holding AG vil vi fortsette \u00e5 bygge p\u00e5 v\u00e5r suksess og levere h\u00f8y kvalitet og p\u00e5litelighet til v\u00e5re kunder. Vi vil n\u00e5 f\u00e5 komplett tilgang til deres omfattende ressurser og kompetansesenter, noe som vil bidra til \u00e5 styrke v\u00e5r virksomhet ytterligere, sier Frank Kvam, daglig leder i WOLFFKRAN Norge.<\/p>\n<p>Kvam har v\u00e6rt teknisk leder siden 2021 og daglig leder siden november 2023, og har n\u00e6rmere 40 \u00e5rs erfaring i kranbransjen.<\/p>\n<p><strong>Unik posisjon i markedet<\/strong><br \/>\nWOLFFKRAN Norge har siden slutten av 2021 leid ut og solgt WOLFF-kraner p\u00e5 det norske markedet. De karakteristiske r\u00f8de &laquo;Wolffene&raquo; er for tiden i drift p\u00e5 flere prosjekter i Oslo, inkludert infrastrukturprosjektet E18 Rugtvedt-Langangen, der byggingen av Langangen og den nye Grenlandsbrua p\u00e5g\u00e5r.<\/p>\n<p>WOLFFKRAN Norge er den eneste leverand\u00f8ren p\u00e5 det norske markedet som er en 100% uavhengig t\u00e5rnkranleverand\u00f8r, som b\u00e5de tilbyr utleie, salg og egen produksjon av t\u00e5rnkraner.<\/p>\n<p><strong>Bakgrunnshistorie<\/strong><br \/>\nWOLFFKRAN ble grunnlagt i 1854 i Heilbronn, Tyskland, og har en lang og stolt historie som en ledende produsent av t\u00e5rnkraner. Selskapet har v\u00e6rt involvert i mange store byggeprosjekter over hele verden og har opparbeidet seg et stolt rykte for kvalitet og innovasjon. I 2021 utvidet WOLFFKRAN sin tilstedev\u00e6relse i Norge gjennom et joint-venture med Mikkelsen AS, noe som la grunnlaget for dagens fulle eierskap av WOLFFKRAN Norge AS.<\/p>\n<p>Med et sterkt fokus p\u00e5 kundenes behov og en forpliktelse til \u00e5 levere topp moderne kranteknologi, fortsetter WOLFFKRAN \u00e5 v\u00e6re en p\u00e5litelig partner i bygg- og anleggsbransjen.<\/p>\n<p><strong>For mer informasjon, ta kontakt med:<\/strong><\/p>\n<p>Frank Kvam<br \/>\nDaglig leder, WOLFFKRAN Norge AS<\/p>\n<p>Telefon: 97 99 82 00<br \/>\nE-post: f.kvam@wolffkran.com<\/p>\n\t<\/div>\r\n<\/div>\r\n\r\n\r\n\r\n\n\t\t\t<\/div> \n\t\t<\/div>\n\t<\/div> \n\n\t<div  class=\"vc_col-sm-2 wpb_column column_container vc_column_container col no-extra-padding inherit_tablet inherit_phone\"  data-padding-pos=\"all\" data-has-bg-color=\"false\" data-bg-color=\"\" data-bg-opacity=\"1\" data-animation=\"\" data-delay=\"0\" >\n\t\t<div class=\"vc_column-inner\" >\n\t\t\t<div class=\"wpb_wrapper\">\n\t\t\t\t\n\t\t\t<\/div> \n\t\t<\/div>\n\t<\/div> \n<\/div><\/div>\r\n\t\t<div id=\"fws_69f221312a893\"  data-column-margin=\"default\" data-midnight=\"dark\"  class=\"wpb_row vc_row-fluid vc_row full-width-content vc_row-o-equal-height vc_row-flex vc_row-o-content-top\"  style=\"padding-top: 0px; padding-bottom: 0px; \"><div class=\"row-bg-wrap\" data-bg-animation=\"none\" data-bg-overlay=\"false\"><div class=\"inner-wrap\"><div class=\"row-bg viewport-desktop\"  style=\"\"><\/div><\/div><\/div><div class=\"row_col_wrap_12 col span_12 dark left\">\n\t<div  class=\"vc_col-sm-12 wpb_column column_container vc_column_container col no-extra-padding inherit_tablet inherit_phone\"  data-padding-pos=\"all\" data-has-bg-color=\"false\" data-bg-color=\"\" data-bg-opacity=\"1\" data-animation=\"\" data-delay=\"0\" >\n\t\t<div class=\"vc_column-inner\" >\n\t\t\t<div class=\"wpb_wrapper\">\n\t\t\t\t<div class=\"img-with-aniamtion-wrap\" data-max-width=\"100%\" data-max-width-mobile=\"default\" data-shadow=\"none\" data-animation=\"fade-in\" >\r\n      <div class=\"inner\">\r\n        <div class=\"hover-wrap\"> \r\n          <div class=\"hover-wrap-inner\">\r\n            <img loading=\"lazy\" decoding=\"async\" class=\"img-with-animation skip-lazy\" data-delay=\"0\" height=\"1440\" width=\"2560\" data-animation=\"fade-in\" src=\"https:\/\/wolffkran.no\/wp-content\/uploads\/2025\/02\/GRE-TC02-and-TC01-1-scaled.jpg\" alt=\"\" srcset=\"https:\/\/wolffkran.no\/wp-content\/uploads\/2025\/02\/GRE-TC02-and-TC01-1-scaled.jpg 2560w, https:\/\/wolffkran.no\/wp-content\/uploads\/2025\/02\/GRE-TC02-and-TC01-1-300x169.jpg 300w, https:\/\/wolffkran.no\/wp-content\/uploads\/2025\/02\/GRE-TC02-and-TC01-1-1024x576.jpg 1024w, https:\/\/wolffkran.no\/wp-content\/uploads\/2025\/02\/GRE-TC02-and-TC01-1-768x432.jpg 768w, https:\/\/wolffkran.no\/wp-content\/uploads\/2025\/02\/GRE-TC02-and-TC01-1-1536x864.jpg 1536w, https:\/\/wolffkran.no\/wp-content\/uploads\/2025\/02\/GRE-TC02-and-TC01-1-2048x1152.jpg 2048w, https:\/\/wolffkran.no\/wp-content\/uploads\/2025\/02\/GRE-TC02-and-TC01-1-18x10.jpg 18w\" sizes=\"auto, (max-width: 2560px) 100vw, 2560px\" \/>\r\n          <\/div>\r\n        <\/div>\r\n      <\/div>\r\n    <\/div>\n\t\t\t<\/div> \n\t\t<\/div>\n\t<\/div> \n<\/div><\/div>","protected":false},"excerpt":{"rendered":"WOLFFKRAN Norge AS blir et heleid datterselskap av WOLFFKRAN Holding AG WOLFFKRAN Holding AG har fullf\u00f8rt oppkj\u00f8pet av WOLFFKRAN Norge AS. Joint Venture-avtalen mellom Mikkelsen AS og WOLFFKRAN Holding AG,...","protected":false},"author":1,"featured_media":0,"parent":0,"menu_order":0,"comment_status":"closed","ping_status":"closed","template":"","meta":{"footnotes":""},"class_list":["post-426","page","type-page","status-publish"],"_links":{"self":[{"href":"https:\/\/wolffkran.no\/en\/wp-json\/wp\/v2\/pages\/426","targetHints":{"allow":["GET"]}}],"collection":[{"href":"https:\/\/wolffkran.no\/en\/wp-json\/wp\/v2\/pages"}],"about":[{"href":"https:\/\/wolffkran.no\/en\/wp-json\/wp\/v2\/types\/page"}],"author":[{"embeddable":true,"href":"https:\/\/wolffkran.no\/en\/wp-json\/wp\/v2\/users\/1"}],"replies":[{"embeddable":true,"href":"https:\/\/wolffkran.no\/en\/wp-json\/wp\/v2\/comments?post=426"}],"version-history":[{"count":11,"href":"https:\/\/wolffkran.no\/en\/wp-json\/wp\/v2\/pages\/426\/revisions"}],"predecessor-version":[{"id":443,"href":"https:\/\/wolffkran.no\/en\/wp-json\/wp\/v2\/pages\/426\/revisions\/443"}],"wp:attachment":[{"href":"https:\/\/wolffkran.no\/en\/wp-json\/wp\/v2\/media?parent=426"}],"curies":[{"name":"wp","href":"https:\/\/api.w.org\/{rel}","templated":true}]}}