{"id":351,"date":"2022-01-17T10:11:12","date_gmt":"2022-01-17T10:11:12","guid":{"rendered":"https:\/\/wolffkran.web-craft.dev\/?page_id=351"},"modified":"2022-01-17T10:19:58","modified_gmt":"2022-01-17T10:19:58","slug":"sjukehuset-nordmore-og-romsdal","status":"publish","type":"page","link":"https:\/\/wolffkran.no\/en\/sjukehuset-nordmore-og-romsdal\/","title":{"rendered":"Sjukehuset Nordm\u00f8re og Romsdal"},"content":{"rendered":"<div id=\"fws_69f2223e5dd10\"  data-column-margin=\"default\" data-midnight=\"light\" data-top-percent=\"12%\" data-bottom-percent=\"12%\"  class=\"wpb_row vc_row-fluid vc_row full-width-content vc_row-o-equal-height vc_row-flex vc_row-o-content-top parallax_section right_padding_10pct left_padding_10pct top_padding_tablet_25pct\"  style=\"padding-top: calc(100vw * 0.12); padding-bottom: calc(100vw * 0.12); \"><div class=\"row-bg-wrap\" data-bg-animation=\"zoom-out-slow\" data-bg-overlay=\"true\"><div class=\"inner-wrap using-image\"><div class=\"row-bg viewport-desktop using-image using-bg-color\" data-parallax-speed=\"fast\" style=\"background-image: url(https:\/\/wolffkran.no\/wp-content\/uploads\/2022\/01\/WOLFFKRAN-8033-Molde-Hospital-Norway-4-scaled.jpg); background-position: center center; background-repeat: no-repeat; background-color: #566678; \"><\/div><\/div><div class=\"row-bg-overlay\" style=\"background: rgba(10,10,10,0.4); background: linear-gradient(to bottom,rgba(10,10,10,0.4) 0%,#0a0a0a 100%);  opacity: 0.95; \"><\/div><\/div><div class=\"row_col_wrap_12 col span_12 light left\">\n\t<div  class=\"vc_col-sm-12 wpb_column column_container vc_column_container col centered-text no-extra-padding el_spacing_0px inherit_tablet inherit_phone\"  data-padding-pos=\"all\" data-has-bg-color=\"false\" data-bg-color=\"\" data-bg-opacity=\"1\" data-animation=\"\" data-delay=\"0\" >\n\t\t<div class=\"vc_column-inner\" >\n\t\t\t<div class=\"wpb_wrapper\">\n\t\t\t\t<div id=\"fws_69f2223e5e8c8\" data-midnight=\"\" data-column-margin=\"none\" class=\"wpb_row vc_row-fluid vc_row inner_row\"  style=\" z-index: 100;\"><div class=\"row-bg-wrap\"> <div class=\"row-bg\" ><\/div> <\/div><div class=\"row_col_wrap_12_inner col span_12  left\">\n\t<div  class=\"vc_col-sm-12 wpb_column column_container vc_column_container col child_column no-extra-padding inherit_tablet inherit_phone\"   data-padding-pos=\"all\" data-has-bg-color=\"false\" data-bg-color=\"\" data-bg-opacity=\"1\" data-animation=\"\" data-delay=\"0\" >\n\t\t<div class=\"vc_column-inner\" >\n\t\t<div class=\"wpb_wrapper\">\n\t\t\t<div class=\"nectar-split-heading\" data-align=\"default\" data-m-align=\"inherit\" data-text-effect=\"letter-reveal-bottom\" data-animation-type=\"line-reveal-by-space\" data-animation-delay=\"0\" data-animation-offset=\"\" data-m-rm-animation=\"\" data-stagger=\"true\" data-custom-font-size=\"true\" style=\"font-size: 4vw; line-height: 4.4vw;\"><h1 >Sjukehuset Nordm\u00f8re og Romsdal<\/h1><\/div>\n\t\t<\/div> \n\t<\/div>\n\t<\/div> \n<\/div><\/div><div id=\"fws_69f2223e5f18e\" data-midnight=\"\" data-column-margin=\"default\" class=\"wpb_row vc_row-fluid vc_row inner_row  right_padding_25pct left_padding_25pct\"  style=\"padding-top: 1%; padding-bottom: 1%; \"><div class=\"row-bg-wrap\"> <div class=\"row-bg\" ><\/div> <\/div><div class=\"row_col_wrap_12_inner col span_12  left\">\n\t<div  class=\"vc_col-sm-12 wpb_column column_container vc_column_container col child_column has-animation no-extra-padding inherit_tablet inherit_phone\"   data-padding-pos=\"all\" data-has-bg-color=\"false\" data-bg-color=\"\" data-bg-opacity=\"1\" data-animation=\"fade-in-from-bottom\" data-delay=\"300\" >\n\t\t<div class=\"vc_column-inner\" >\n\t\t<div class=\"wpb_wrapper\">\n\t\t\t<div class=\"divider-wrap height_tablet_25px\" data-alignment=\"default\"><div style=\"padding-top: 25px; padding-bottom: 25px;\"  class=\"divider-vertical nectar-bg-white\"><\/div><\/div>\n\t\t<\/div> \n\t<\/div>\n\t<\/div> \n<\/div><\/div><div id=\"fws_69f2223e5f539\" data-midnight=\"\" data-column-margin=\"default\" class=\"wpb_row vc_row-fluid vc_row inner_row  right_padding_30pct left_padding_30pct right_padding_tablet_15pct right_padding_phone_8pct left_padding_tablet_15pct left_padding_phone_8pct\"  style=\"\"><div class=\"row-bg-wrap\"> <div class=\"row-bg\" ><\/div> <\/div><div class=\"row_col_wrap_12_inner col span_12  left\">\n\t<div  class=\"vc_col-sm-12 wpb_column column_container vc_column_container col child_column no-extra-padding inherit_tablet inherit_phone\"   data-padding-pos=\"all\" data-has-bg-color=\"false\" data-bg-color=\"\" data-bg-opacity=\"1\" data-animation=\"\" data-delay=\"0\" >\n\t\t<div class=\"vc_column-inner\" >\n\t\t<div class=\"wpb_wrapper\">\n\t\t\t<div class=\"nectar-split-heading  font_size_tablet_18px font_size_phone_16px font_line_height_1-6\" data-align=\"default\" data-m-align=\"inherit\" data-text-effect=\"default\" data-animation-type=\"line-reveal-by-space\" data-animation-delay=\"500\" data-animation-offset=\"100%\" data-m-rm-animation=\"\" data-stagger=\"true\" data-custom-font-size=\"true\" style=\"font-size: 1.1vw; line-height: 1.21vw;\"><p >WOLFFKRAN Norge leverer t\u00e5rnkraner til prosjektet Sjukehuset Nordm\u00f8re og Romsdal.<\/p><\/div>\n\t\t<\/div> \n\t<\/div>\n\t<\/div> \n<\/div><\/div>\n\t\t\t<\/div> \n\t\t<\/div>\n\t<\/div> \n<\/div><\/div>\r\n\t\t<div id=\"fws_69f2223e5f7d8\"  data-column-margin=\"default\" data-midnight=\"dark\" data-top-percent=\"2%\"  class=\"wpb_row vc_row-fluid vc_row\"  style=\"padding-top: calc(100vw * 0.02); padding-bottom: 0px; \"><div class=\"row-bg-wrap\" data-bg-animation=\"none\" data-bg-overlay=\"false\"><div class=\"inner-wrap\"><div class=\"row-bg viewport-desktop\"  style=\"\"><\/div><\/div><\/div><div class=\"row_col_wrap_12 col span_12 dark left\">\n\t<div  class=\"vc_col-sm-2 wpb_column column_container vc_column_container col no-extra-padding inherit_tablet inherit_phone\"  data-padding-pos=\"all\" data-has-bg-color=\"false\" data-bg-color=\"\" data-bg-opacity=\"1\" data-animation=\"\" data-delay=\"0\" >\n\t\t<div class=\"vc_column-inner\" >\n\t\t\t<div class=\"wpb_wrapper\">\n\t\t\t\t\n\t\t\t<\/div> \n\t\t<\/div>\n\t<\/div> \n\n\t<div  class=\"vc_col-sm-8 wpb_column column_container vc_column_container col padding-3-percent inherit_tablet inherit_phone\"  data-shadow=\"small_depth\" data-padding-pos=\"all\" data-has-bg-color=\"false\" data-bg-color=\"\" data-bg-opacity=\"1\" data-animation=\"\" data-delay=\"0\" >\n\t\t<div class=\"vc_column-inner\" ><div class=\"column-bg-overlay-wrap\" data-bg-animation=\"none\"><div class=\"column-bg-overlay\"><\/div><\/div>\n\t\t\t<div class=\"wpb_wrapper\">\n\t\t\t\t\r\n<div class=\"wpb_text_column wpb_content_element\" >\r\n\t<div class=\"wpb_wrapper\">\r\n\t\t<p><strong>Det nyetablerte selskapet WOLFFKRAN Norge As leverer tre t\u00e5rnkraner p\u00e5 vegne av HENT til det nye fellessykehuset for innbyggerne p\u00e5 Nordm\u00f8re og i Romsdal. Dette er selskapets f\u00f8rste jobb i Norge.<\/strong><\/p>\n<p>Det nye fellessykehuset p\u00e5 Hjelset blir p\u00e5 rundt 53.400 m2 og skal st\u00e5 klart til bruk v\u00e5ren 2025. Prosjektet bygges med tre t\u00e5rnkraner av typen Wolff 8033, som har h\u00f8y spisslastkapasitet og hurtig produksjonskapasitet.<\/p>\n<p>\u2013 Sjukehuset Nordm\u00f8re og Romsdal er et stort og spennende prosjekt og vi er sv\u00e6rt forn\u00f8yd med tilliten HENT har vist oss ved at vi f\u00e5r dette oppdraget. Kranene er nettopp rigget opp og vi gleder oss til \u00e5 ta fatt p\u00e5 resten av prosjektet fremover, sier Espen Hanssen, daglig leder i Wolffkran Norge AS.<\/p>\n<p>Wolffkran Norge AS er et nyetablert fellesforetak mellom Mikkelsen AS og Wolffkran Holding AG og tilbyr salg og utleie av t\u00e5rnkraner i hele det norske markedet.<\/p>\n\t<\/div>\r\n<\/div>\r\n\r\n\r\n\r\n\n\t\t\t<\/div> \n\t\t<\/div>\n\t<\/div> \n\n\t<div  class=\"vc_col-sm-2 wpb_column column_container vc_column_container col no-extra-padding inherit_tablet inherit_phone\"  data-padding-pos=\"all\" data-has-bg-color=\"false\" data-bg-color=\"\" data-bg-opacity=\"1\" data-animation=\"\" data-delay=\"0\" >\n\t\t<div class=\"vc_column-inner\" >\n\t\t\t<div class=\"wpb_wrapper\">\n\t\t\t\t\n\t\t\t<\/div> \n\t\t<\/div>\n\t<\/div> \n<\/div><\/div>","protected":false},"excerpt":{"rendered":"Sjukehuset Nordm\u00f8re og Romsdal WOLFFKRAN Norge leverer t\u00e5rnkraner til prosjektet Sjukehuset Nordm\u00f8re og Romsdal. Det nyetablerte selskapet WOLFFKRAN Norge As leverer tre t\u00e5rnkraner p\u00e5 vegne av HENT til det nye...","protected":false},"author":1,"featured_media":352,"parent":0,"menu_order":0,"comment_status":"closed","ping_status":"closed","template":"","meta":{"footnotes":""},"class_list":["post-351","page","type-page","status-publish","has-post-thumbnail"],"_links":{"self":[{"href":"https:\/\/wolffkran.no\/en\/wp-json\/wp\/v2\/pages\/351","targetHints":{"allow":["GET"]}}],"collection":[{"href":"https:\/\/wolffkran.no\/en\/wp-json\/wp\/v2\/pages"}],"about":[{"href":"https:\/\/wolffkran.no\/en\/wp-json\/wp\/v2\/types\/page"}],"author":[{"embeddable":true,"href":"https:\/\/wolffkran.no\/en\/wp-json\/wp\/v2\/users\/1"}],"replies":[{"embeddable":true,"href":"https:\/\/wolffkran.no\/en\/wp-json\/wp\/v2\/comments?post=351"}],"version-history":[{"count":7,"href":"https:\/\/wolffkran.no\/en\/wp-json\/wp\/v2\/pages\/351\/revisions"}],"predecessor-version":[{"id":359,"href":"https:\/\/wolffkran.no\/en\/wp-json\/wp\/v2\/pages\/351\/revisions\/359"}],"wp:featuredmedia":[{"embeddable":true,"href":"https:\/\/wolffkran.no\/en\/wp-json\/wp\/v2\/media\/352"}],"wp:attachment":[{"href":"https:\/\/wolffkran.no\/en\/wp-json\/wp\/v2\/media?parent=351"}],"curies":[{"name":"wp","href":"https:\/\/api.w.org\/{rel}","templated":true}]}}